{"id":2640,"date":"2020-09-03T07:46:15","date_gmt":"2020-09-03T12:46:15","guid":{"rendered":"http:\/\/www.nicdarkthemes.com\/themes\/donation\/wp\/demo\/charity\/?page_id=2640"},"modified":"2021-11-11T15:04:43","modified_gmt":"2021-11-11T20:04:43","slug":"noticias","status":"publish","type":"page","link":"https:\/\/genimusac.com\/web\/noticias\/","title":{"rendered":"Noticias"},"content":{"rendered":"\t\t<div data-elementor-type=\"wp-page\" data-elementor-id=\"2640\" class=\"elementor elementor-2640\" data-elementor-settings=\"[]\">\n\t\t\t\t\t\t\t<div class=\"elementor-section-wrap\">\n\t\t\t\t\t\t\t<section class=\"elementor-section elementor-top-section elementor-element elementor-element-7b4f6e92 elementor-section-full_width elementor-section-height-default elementor-section-height-default\" data-id=\"7b4f6e92\" data-element_type=\"section\" data-settings=\"{&quot;background_background&quot;:&quot;classic&quot;}\">\n\t\t\t\t\t\t\t<div class=\"elementor-background-overlay\"><\/div>\n\t\t\t\t\t\t\t<div class=\"elementor-container elementor-column-gap-no\">\n\t\t\t\t\t<div class=\"elementor-column elementor-col-33 elementor-top-column elementor-element elementor-element-baad355\" data-id=\"baad355\" data-element_type=\"column\">\n\t\t\t<div class=\"elementor-widget-wrap\">\n\t\t\t\t\t\t\t\t\t<\/div>\n\t\t<\/div>\n\t\t\t\t<div class=\"elementor-column elementor-col-33 elementor-top-column elementor-element elementor-element-4b1b09ad\" data-id=\"4b1b09ad\" data-element_type=\"column\">\n\t\t\t<div class=\"elementor-widget-wrap elementor-element-populated\">\n\t\t\t\t\t\t\t\t<div class=\"elementor-element elementor-element-6a80c27d elementor-invisible elementor-widget elementor-widget-image\" data-id=\"6a80c27d\" data-element_type=\"widget\" data-settings=\"{&quot;_animation&quot;:&quot;fadeIn&quot;}\" data-widget_type=\"image.default\">\n\t\t\t\t<div class=\"elementor-widget-container\">\n\t\t\t<style>\/*! elementor - v3.5.3 - 28-12-2021 *\/\n.elementor-widget-image{text-align:center}.elementor-widget-image a{display:inline-block}.elementor-widget-image a img[src$=\".svg\"]{width:48px}.elementor-widget-image img{vertical-align:middle;display:inline-block}<\/style>\t\t\t\t\t\t\t\t\t\t\t\t<img decoding=\"async\" width=\"512\" height=\"512\" src=\"https:\/\/genimusac.com\/web\/wp-content\/uploads\/2020\/09\/news.png\" class=\"attachment-full size-full\" alt=\"\" srcset=\"https:\/\/genimusac.com\/web\/wp-content\/uploads\/2020\/09\/news.png 512w, https:\/\/genimusac.com\/web\/wp-content\/uploads\/2020\/09\/news-300x300.png 300w, https:\/\/genimusac.com\/web\/wp-content\/uploads\/2020\/09\/news-100x100.png 100w, https:\/\/genimusac.com\/web\/wp-content\/uploads\/2020\/09\/news-150x150.png 150w, https:\/\/genimusac.com\/web\/wp-content\/uploads\/2020\/09\/news-200x200.png 200w\" sizes=\"(max-width: 512px) 100vw, 512px\" \/>\t\t\t\t\t\t\t\t\t\t\t\t\t\t\t<\/div>\n\t\t\t\t<\/div>\n\t\t\t\t<div class=\"elementor-element elementor-element-445e0231 elementor-widget elementor-widget-heading\" data-id=\"445e0231\" data-element_type=\"widget\" data-widget_type=\"heading.default\">\n\t\t\t\t<div class=\"elementor-widget-container\">\n\t\t\t<style>\/*! elementor - v3.5.3 - 28-12-2021 *\/\n.elementor-heading-title{padding:0;margin:0;line-height:1}.elementor-widget-heading .elementor-heading-title[class*=elementor-size-]>a{color:inherit;font-size:inherit;line-height:inherit}.elementor-widget-heading .elementor-heading-title.elementor-size-small{font-size:15px}.elementor-widget-heading .elementor-heading-title.elementor-size-medium{font-size:19px}.elementor-widget-heading .elementor-heading-title.elementor-size-large{font-size:29px}.elementor-widget-heading .elementor-heading-title.elementor-size-xl{font-size:39px}.elementor-widget-heading .elementor-heading-title.elementor-size-xxl{font-size:59px}<\/style><h1 class=\"elementor-heading-title elementor-size-default\">Not\u00edcias<\/br>Genimusac<\/h1>\t\t<\/div>\n\t\t\t\t<\/div>\n\t\t\t\t<div class=\"elementor-element elementor-element-277a79fb elementor-widget elementor-widget-text-editor\" data-id=\"277a79fb\" data-element_type=\"widget\" data-widget_type=\"text-editor.default\">\n\t\t\t\t<div class=\"elementor-widget-container\">\n\t\t\t<style>\/*! elementor - v3.5.3 - 28-12-2021 *\/\n.elementor-widget-text-editor.elementor-drop-cap-view-stacked .elementor-drop-cap{background-color:#818a91;color:#fff}.elementor-widget-text-editor.elementor-drop-cap-view-framed .elementor-drop-cap{color:#818a91;border:3px solid;background-color:transparent}.elementor-widget-text-editor:not(.elementor-drop-cap-view-default) .elementor-drop-cap{margin-top:8px}.elementor-widget-text-editor:not(.elementor-drop-cap-view-default) .elementor-drop-cap-letter{width:1em;height:1em}.elementor-widget-text-editor .elementor-drop-cap{float:left;text-align:center;line-height:1;font-size:50px}.elementor-widget-text-editor .elementor-drop-cap-letter{display:inline-block}<\/style>\t\t\t\t<span style=\"color: #ffffff;\">Informaci\u00f3n de acontecimientos importantes en la log\u00edstica.<\/span>\t\t\t\t\t\t<\/div>\n\t\t\t\t<\/div>\n\t\t\t\t\t<\/div>\n\t\t<\/div>\n\t\t\t\t<div class=\"elementor-column elementor-col-33 elementor-top-column elementor-element elementor-element-8369cdb\" data-id=\"8369cdb\" data-element_type=\"column\">\n\t\t\t<div class=\"elementor-widget-wrap\">\n\t\t\t\t\t\t\t\t\t<\/div>\n\t\t<\/div>\n\t\t\t\t\t\t\t<\/div>\n\t\t<\/section>\n\t\t\t\t<section class=\"elementor-section elementor-top-section elementor-element elementor-element-3ccb115 elementor-section-full_width elementor-section-height-default elementor-section-height-default\" data-id=\"3ccb115\" data-element_type=\"section\">\n\t\t\t\t\t\t<div class=\"elementor-container elementor-column-gap-default\">\n\t\t\t\t\t<div class=\"elementor-column elementor-col-50 elementor-top-column elementor-element elementor-element-5932205\" data-id=\"5932205\" data-element_type=\"column\">\n\t\t\t<div class=\"elementor-widget-wrap elementor-element-populated\">\n\t\t\t\t\t\t\t\t<div class=\"elementor-element elementor-element-37baf02 elementor-invisible elementor-widget elementor-widget-postgrid\" data-id=\"37baf02\" data-element_type=\"widget\" data-settings=\"{&quot;_animation&quot;:&quot;fadeInUp&quot;}\" data-widget_type=\"postgrid.default\">\n\t\t\t\t<div class=\"elementor-widget-container\">\n\t\t\t\n<div class=\"nd_elements_section nd_elements_masonry_content\">\n\t    \t<div class=\" nd_elements_width_100_percentage nd_elements_width_100_percentage_responsive nd_elements_float_left nd_elements_masonry_item nd_elements_padding_15 nd_elements_box_sizing_border_box\">\n\n\t\t\t\t<div class=\"nd_elements_section nd_elements_position_relative\">\n            \n\t\t\t  \t\t<div class=\"nd_elements_section nd_elements_position_relative\">\n\t\t\t        \t\n\t\t\t        \t<a href=\"https:\/\/genimusac.com\/web\/optimizacion-de-recursos\/\"><img decoding=\"async\" class=\"nd_elements_section\" alt=\"\" src=\"https:\/\/genimusac.com\/web\/wp-content\/uploads\/2020\/05\/8947678e-cd57-48b2-8899-01aa27770cb1.jpg\"><\/a>\n\t\t\t        \n\t\t\t        \t<div style=\"background: -webkit-linear-gradient(top, #28282800 40%,#282828cc 100%)\" class=\"nd_elements_position_absolute nd_elements_left_0 nd_elements_height_100_percentage nd_elements_width_100_percentage nd_elements_padding_40 nd_elements_padding_20_iphone nd_elements_box_sizing_border_box\">\n\t\t\t\t    \t\n\t\t\t\t\t    \t<div class=\"nd_elements_position_absolute nd_elements_bottom_40 nd_elements_bottom_20_iphone\">\n\n\t\t\t\t\t    \t\t\n\t\t\t    <p style=\"border-left-color:#fff\" class=\"nd_options_color_white nd_elements_margin_0_important nd_elements_padding_0 nd_elements_letter_spacing_1 nd_elements_font_size_13 nd_elements_text_transform_uppercase nd_elements_line_height_13 nd_elements_padding_left_15 nd_elements_border_left_style_solid nd_elements_border_width_2\">Proyectos<\/p>\n\t\t\t    <div class=\"nd_elements_section nd_elements_height_10\"><\/div>\n\t\t\t    \n\n\t\t\t\t\t\t    \t<a class=\"nd_elements_section\" href=\"https:\/\/genimusac.com\/web\/optimizacion-de-recursos\/\">\n\t\t\t\t\t\t    \t\t<h3 class=\"nd_options_color_white nd_elements_font_size_23 nd_elements_word_break_break_word nd_elements_font_size_20_iphone nd_elements_line_height_23 nd_elements_margin_0_important nd_elements_letter_spacing_1\"><strong>Optimizacion de recursos<\/strong><\/h3>\n\t\t\t\t\t\t    \t<\/a>\n\n\t\t\t\t\t    \t<\/div>\n\n\t\t\t\t\t\t<\/div>\n\n\n\t\t\t    \t<\/div>\n\t\t\t    \n\t\t\t    <\/div>\n\n\t\t\t<\/div>\n<\/div>\t\t<\/div>\n\t\t\t\t<\/div>\n\t\t\t\t\t<\/div>\n\t\t<\/div>\n\t\t\t\t<div class=\"elementor-column elementor-col-50 elementor-top-column elementor-element elementor-element-79cdf83\" data-id=\"79cdf83\" data-element_type=\"column\">\n\t\t\t<div class=\"elementor-widget-wrap elementor-element-populated\">\n\t\t\t\t\t\t\t\t<div class=\"elementor-element elementor-element-4139cea elementor-widget elementor-widget-spacer\" data-id=\"4139cea\" data-element_type=\"widget\" data-widget_type=\"spacer.default\">\n\t\t\t\t<div class=\"elementor-widget-container\">\n\t\t\t\t\t<div class=\"elementor-spacer\">\n\t\t\t<div class=\"elementor-spacer-inner\"><\/div>\n\t\t<\/div>\n\t\t\t\t<\/div>\n\t\t\t\t<\/div>\n\t\t\t\t<div class=\"elementor-element elementor-element-1583af0 elementor-hidden-tablet elementor-hidden-phone elementor-invisible elementor-widget elementor-widget-heading\" data-id=\"1583af0\" data-element_type=\"widget\" data-settings=\"{&quot;_animation&quot;:&quot;fadeInRight&quot;}\" data-widget_type=\"heading.default\">\n\t\t\t\t<div class=\"elementor-widget-container\">\n\t\t\t<h1 class=\"elementor-heading-title elementor-size-default\">Noticias Recientes<\/h1>\t\t<\/div>\n\t\t\t\t<\/div>\n\t\t\t\t<div class=\"elementor-element elementor-element-f2669be elementor-widget elementor-widget-postgrid\" data-id=\"f2669be\" data-element_type=\"widget\" data-widget_type=\"postgrid.default\">\n\t\t\t\t<div class=\"elementor-widget-container\">\n\t\t\t<br \/>\n<b>Warning<\/b>:  Undefined variable $test in <b>\/home\/u260555343\/domains\/genimusac.com\/public_html\/web\/wp-content\/plugins\/nd-elements\/widgets\/postgrid\/layout\/layout-3.php<\/b> on line <b>60<\/b><br \/>\n\n<div class=\"nd_elements_section nd_elements_masonry_content\">\n    \t<div class=\" nd_elements_width_100_percentage nd_elements_width_100_percentage_responsive nd_elements_float_left nd_elements_masonry_item nd_elements_padding_15 nd_elements_box_sizing_border_box\">\n\n    \t\t<div class=\"nd_elements_section nd_elements_position_relative \">\n\n    \t\t\t<a href=\"https:\/\/genimusac.com\/web\/optimizacion-de-recursos\/\"><img decoding=\"async\" width=\"100\" class=\"nd_elements_position_absolute nd_elements_top_0 nd_elements_left_0\" alt=\"\" src=\"https:\/\/genimusac.com\/web\/wp-content\/uploads\/2020\/05\/8947678e-cd57-48b2-8899-01aa27770cb1-150x150.jpg\"><\/a>\n\n\t    \t\t<div class=\"nd_elements_section nd_elements_padding_left_120 nd_elements_box_sizing_border_box\">\n\n\t\t\t    \t<a class=\"nd_elements_section\" href=\"https:\/\/genimusac.com\/web\/optimizacion-de-recursos\/\">\n\t\t\t    \t\t<h4 class=\"nd_elements_word_break_break_word nd_elements_font_size_20_iphone nd_elements_line_height_23 nd_elements_margin_0_important nd_elements_letter_spacing_1\"><strong>Optimizacion de recursos<\/strong><\/h4>\n\t\t\t    \t<\/a>\n\t\t\t    \t\n\t\t\t    \t<div class=\"nd_elements_section nd_elements_height_15\"><\/div>\n\n\t\t\t    \t\n\t\t    <p class=\"nd_elements_section nd_elements_margin_0_important nd_elements_padding_0 nd_elements_letter_spacing_1 nd_elements_font_size_13 nd_elements_text_transform_uppercase nd_elements_line_height_13\">Proyectos<\/p>\n\t\t    \n\n\t\t\t    \t<div class=\"nd_elements_section nd_elements_height_20\"><\/div>\n\t\t\t    \t\n\t\t\t    \t<a class=\"nd_elements_padding_5_10 nd_options_color_white nd_elements_font_size_13 nd_elements_line_height_13\" style=\"background-color:#282828;\" href=\"https:\/\/genimusac.com\/web\/optimizacion-de-recursos\/\"><strong>READ MORE<\/strong><\/a>\n\n\t\t\t    \t\n\t\t\t    \t\n\t\t\t\t<\/div>\n\n\t\t\t<\/div>\n\t    \t\n\t\t<\/div>\n<\/div>\t\t<\/div>\n\t\t\t\t<\/div>\n\t\t\t\t\t<\/div>\n\t\t<\/div>\n\t\t\t\t\t\t\t<\/div>\n\t\t<\/section>\n\t\t\t\t\t\t<\/div>\n\t\t\t\t\t<\/div>\n\t\t","protected":false},"excerpt":{"rendered":"<p>Not\u00edciasGenimusac Informaci\u00f3n de acontecimientos importantes en la log\u00edstica. Proyectos Optimizacion de recursos Noticias Recientes Optimizacion de recursos Proyectos READ MORE<\/p>\n","protected":false},"author":1,"featured_media":0,"parent":0,"menu_order":0,"comment_status":"closed","ping_status":"closed","template":"","meta":{"_monsterinsights_skip_tracking":false,"_monsterinsights_sitenote_active":false,"_monsterinsights_sitenote_note":"","_monsterinsights_sitenote_category":0,"_joinchat":[],"footnotes":""},"class_list":["post-2640","page","type-page","status-publish","hentry"],"_links":{"self":[{"href":"https:\/\/genimusac.com\/web\/wp-json\/wp\/v2\/pages\/2640","targetHints":{"allow":["GET"]}}],"collection":[{"href":"https:\/\/genimusac.com\/web\/wp-json\/wp\/v2\/pages"}],"about":[{"href":"https:\/\/genimusac.com\/web\/wp-json\/wp\/v2\/types\/page"}],"author":[{"embeddable":true,"href":"https:\/\/genimusac.com\/web\/wp-json\/wp\/v2\/users\/1"}],"replies":[{"embeddable":true,"href":"https:\/\/genimusac.com\/web\/wp-json\/wp\/v2\/comments?post=2640"}],"version-history":[{"count":0,"href":"https:\/\/genimusac.com\/web\/wp-json\/wp\/v2\/pages\/2640\/revisions"}],"wp:attachment":[{"href":"https:\/\/genimusac.com\/web\/wp-json\/wp\/v2\/media?parent=2640"}],"curies":[{"name":"wp","href":"https:\/\/api.w.org\/{rel}","templated":true}]}}